{"id":806,"date":"2020-08-04T14:20:22","date_gmt":"2020-08-04T14:20:22","guid":{"rendered":"http:\/\/idfant.com\/?page_id=806"},"modified":"2020-08-15T22:20:02","modified_gmt":"2020-08-15T22:20:02","slug":"impressum","status":"publish","type":"page","link":"https:\/\/www.idfant.com\/de\/impressum\/","title":{"rendered":"Impressum"},"content":{"rendered":"<section class=\"wp-block-uagb-section uagb-section__wrap uagb-section__background-image alignfull uagb-block-7b98f137\"><div class=\"uagb-section__overlay\"><\/div><div class=\"uagb-section__inner-wrap\"><style id=\"kt-blocks_b0db45-5d\" type=\"text\/css\">#kt-layout-id_b0db45-5d > .kt-row-column-wrap {padding-top:200px;padding-bottom:200px;}<\/style>\n<div class=\"wp-block-kadence-rowlayout alignfull\"><div id=\"kt-layout-id_b0db45-5d\" class=\"kt-row-layout-inner kt-layout-id_b0db45-5d\"><div class=\"kt-row-column-wrap kt-has-1-columns kt-gutter-default kt-v-gutter-default kt-row-valign-top kt-row-layout-equal kt-tab-layout-inherit kt-m-colapse-left-to-right kt-mobile-layout-row\">\n<div class=\"wp-block-kadence-column inner-column-1 kadence-column_840831-b1\"><div class=\"kt-inside-inner-col\">\n<h1 id=\"kt-adv-heading_094c81-76\" class=\"kt-adv-heading_094c81-76 wp-block-kadence-advancedheading has-kb-palette-4-color\" style=\"text-align:center\">IMPRESSUM<\/h1>\n<\/div><\/div>\n<\/div><\/div><\/div>\n\n\n\n<p><\/p>\n<\/div><\/section>\n\n\n\n<section class=\"wp-block-uagb-section uagb-section__wrap uagb-section__background-undefined uagb-block-5942f72a\"><div class=\"uagb-section__overlay\"><\/div><div class=\"uagb-section__inner-wrap\">\n<p><strong>Impressum<\/strong><\/p>\n\n\n\n<p><strong>Information according to \u00a7 5 TMG<\/strong><br>IDfant GmbH<br>Julius-Hatry-Strasse 1<br>68163 Mannheim<\/p>\n\n\n\n<p>Handelsregister: HRB 727905<br>Registergericht: Amtsgericht Mannheim<\/p>\n\n\n\n<p>Vertreten durch: Mirko Haucke<\/p>\n\n\n\n<p><strong>Kontakt<\/strong><br>Telefon: + 49 (0) 621 1806 5758<br>E-mail: contact@idfant.com<\/p>\n\n\n\n<p><strong>Umsatzsteuer-ID<\/strong><br>Umsatzsteuer-Identifikationsnummer gem\u00e4\u00df \u00a7 27 a Umsatzsteuergesetz: Ust.-ID-Nr.:\nDE313051270<\/p>\n\n\n\n<p><strong>Haftung f\u00fcr Inhalte<\/strong><br>Als Diensteanbieter sind wir gem\u00e4\u00df \u00a7 7 Abs.1 TMG f\u00fcr eigene Inhalte auf diesen Seiten nach<br>den allgemeinen Gesetzen verantwortlich. Nach \u00a7\u00a7 8 bis 10 TMG sind wir als Diensteanbieter<br>jedoch nicht verpflichtet, \u00fcbermittelte oder gespeicherte fremde Informationen zu<br>\u00fcberwachen oder nach Umst\u00e4nden zu forschen, die auf eine rechtswidrige T\u00e4tigkeit\nhinweisen.<\/p>\n\n\n\n<p>Verpflichtungen zur Entfernung oder Sperrung der Nutzung von Informationen nach den\nallgemeinen.<br>Gesetzen bleiben hiervon unber\u00fchrt. Eine diesbez\u00fcgliche Haftung ist jedoch erst ab dem\nZeitpunkt der<br>Kenntnis einer konkreten Rechtsverletzung m\u00f6glich. Bei Bekanntwerden von\nentsprechenden<br>Rechtsverletzungen werden wir diese Inhalte umgehend entfernen.<\/p>\n\n\n\n<p><strong>Haftung f\u00fcr Links<\/strong><br>Unser Angebot enth\u00e4lt Links zu externen Websites Dritter, auf deren Inhalte wir keinen\nEinfluss<br>haben. Deshalb k\u00f6nnen wir f\u00fcr diese fremden Inhalte auch keine Gew\u00e4hr\n\u00fcbernehmen. F\u00fcr<br>die Inhalte der verlinkten Seiten ist stets der jeweilige Anbieter oder\nBetreiber der<br>Seiten verantwortlich. Die verlinkten Seiten wurden zum Zeitpunkt der\nVerlinkung auf m\u00f6gliche<br>Rechtsverst\u00f6\u00dfe \u00fcberpr\u00fcft. Rechtswidrige Inhalte waren zum Zeitpunkt der Verlinkung nicht erkennbar.<\/p>\n\n\n\n<p>Eine permanente inhaltliche Kontrolle der verlinkten Seiten ist jedoch ohne konkrete<br>Anhaltspunkte einer Rechtsverletzung nicht zumutbar. Bei Bekanntwerden von<br>Rechtsverletzungen werden wir derartige Links umgehend entfernen.<\/p>\n\n\n\n<p><strong>Urheberrecht<\/strong><br>Die durch die Seitenbetreiber erstellten Inhalte und Werke auf diesen Seiten unterliegen\ndem deutschen<br>Urheberrecht. Die Vervielf\u00e4ltigung, Bearbeitung, Verbreitung und jede Art\nder Verwertung au\u00dferhalb der Grenzen<br>des Urheberrechtes bed\u00fcrfen der schriftlichen\nZustimmung des jeweiligen Autors bzw. Erstellers. Downloads<br>und Kopien dieser Seite sind\nnur f\u00fcr den privaten, nicht kommerziellen Gebrauch gestattet.<\/p>\n\n\n\n<p>Soweit die Inhalte auf dieser Seite nicht vom Betreiber erstellt wurden, werden die\nUrheberrechte<br>Dritter beachtet. Insbesondere werden Inhalte Dritter als solche\ngekennzeichnet. Sollten Sie trotzdem<br>auf eine Urheberrechtsverletzung aufmerksam\nwerden, bitten wir um einen entsprechenden Hinweis.<br>Bei Bekanntwerden von\nRechtsverletzungen werden wir derartige Inhalte umgehend entfernen.<\/p>\n<\/div><\/section>","protected":false},"excerpt":{"rendered":"","protected":false},"author":1,"featured_media":0,"parent":0,"menu_order":0,"comment_status":"closed","ping_status":"closed","template":"","meta":{"kt_blocks_editor_width":""},"featured_image_urls":{"full":"","thumbnail":"","medium":"","medium_large":"","large":"","1536x1536":"","2048x2048":"","trp-custom-language-flag":"","mailpoet_newsletter_max":""},"post_excerpt_stackable":"<p>IMPRESSUM Legal Notice Information according to \u00a7 5 TMGIDfant GmbHJulius-Hatry-Strasse 168163 Mannheim Commercial register: HRB 727905Register court: Local court Mannheim Represented by: Mirko Haucke ContactPhone: + 49 (0) 621 1806 5758E-mail: contact@idfant.com VAT-IDDE313051270 Liability for contentsAs a service provider, we are responsible for our own content on these pages according to \u00a77 part 1 TMG (German Telemedia Act) and general laws. According to \u00a7\u00a7 8 to 10 TMG we arenot obliged to monitor transmitted or stored information from third parties or to investigatecircumstances that indicate illegal activity. Obligations to remove or block the use of information according to the general&hellip;<\/p>\n","category_list":"","author_info":{"name":"IdfantAdmin","url":"https:\/\/www.idfant.com\/de\/author\/idfantadmin\/"},"comments_num":"0 comments","uagb_featured_image_src":{"full":false,"thumbnail":false,"medium":false,"medium_large":false,"large":false,"1536x1536":false,"2048x2048":false,"trp-custom-language-flag":false,"mailpoet_newsletter_max":false},"uagb_author_info":{"display_name":"IdfantAdmin","author_link":"https:\/\/www.idfant.com\/de\/author\/idfantadmin\/"},"uagb_comment_info":0,"uagb_excerpt":null,"_links":{"self":[{"href":"https:\/\/www.idfant.com\/de\/wp-json\/wp\/v2\/pages\/806"}],"collection":[{"href":"https:\/\/www.idfant.com\/de\/wp-json\/wp\/v2\/pages"}],"about":[{"href":"https:\/\/www.idfant.com\/de\/wp-json\/wp\/v2\/types\/page"}],"author":[{"embeddable":true,"href":"https:\/\/www.idfant.com\/de\/wp-json\/wp\/v2\/users\/1"}],"replies":[{"embeddable":true,"href":"https:\/\/www.idfant.com\/de\/wp-json\/wp\/v2\/comments?post=806"}],"version-history":[{"count":21,"href":"https:\/\/www.idfant.com\/de\/wp-json\/wp\/v2\/pages\/806\/revisions"}],"predecessor-version":[{"id":849,"href":"https:\/\/www.idfant.com\/de\/wp-json\/wp\/v2\/pages\/806\/revisions\/849"}],"wp:attachment":[{"href":"https:\/\/www.idfant.com\/de\/wp-json\/wp\/v2\/media?parent=806"}],"curies":[{"name":"wp","href":"https:\/\/api.w.org\/{rel}","templated":true}]}}