{"id":16,"date":"2020-04-05T10:13:03","date_gmt":"2020-04-05T10:13:03","guid":{"rendered":"http:\/\/idfant.com\/?page_id=16"},"modified":"2020-07-20T15:32:08","modified_gmt":"2020-07-20T15:32:08","slug":"about-us","status":"publish","type":"page","link":"https:\/\/www.idfant.com\/de\/about-us\/","title":{"rendered":"\u00dcber uns"},"content":{"rendered":"<section class=\"wp-block-uagb-section uagb-section__wrap uagb-section__background-image alignfull uagb-block-c37838b7\"><div class=\"uagb-section__overlay\"><\/div><div class=\"uagb-section__inner-wrap\"><style id=\"kt-blocks_c4de27-c9\" type=\"text\/css\">#kt-layout-id_c4de27-c9 > .kt-row-column-wrap {padding-top:225px;padding-bottom:225px;}<\/style>\n<div class=\"wp-block-kadence-rowlayout alignfull\"><div id=\"kt-layout-id_c4de27-c9\" class=\"kt-row-layout-inner kt-layout-id_c4de27-c9\"><div class=\"kt-row-column-wrap kt-has-1-columns kt-gutter-default kt-v-gutter-default kt-row-valign-top kt-row-layout-equal kt-tab-layout-inherit kt-m-colapse-left-to-right kt-mobile-layout-row\">\n<div class=\"wp-block-kadence-column inner-column-1 kadence-column_627c75-5e\"><div class=\"kt-inside-inner-col\">\n<h1 id=\"kt-adv-heading_4798e9-f0\" class=\"kt-adv-heading_4798e9-f0 wp-block-kadence-advancedheading has-kb-palette-4-color\" style=\"text-align:center\">\u00dcber uns<\/h1>\n\n\n<style id=\"kt-blocks_da6354-fb\" type=\"text\/css\">#kt-adv-heading_da6354-fb, #kt-adv-heading_da6354-fb .wp-block-kadence-advancedheading {font-size:25px;font-weight:300;font-family:Lato;}<\/style>\n<h2 id=\"kt-adv-heading_da6354-fb\" class=\"kt-adv-heading_da6354-fb wp-block-kadence-advancedheading has-kb-palette-4-color\" style=\"text-align:center\">\u00dcber 40 Jahre Forschung und Entwicklung im Bereich Zahntechnik bilden die Grundlage f\u00fcr unsere Produkte<\/h2>\n<\/div><\/div>\n<\/div><\/div><\/div>\n<\/div><\/section>\n\n\n\n<section class=\"wp-block-uagb-section uagb-section__wrap uagb-section__background-undefined alignfull uagb-block-bf69bc97\"><div class=\"uagb-section__overlay\"><\/div><div class=\"uagb-section__inner-wrap\"><style id=\"kt-blocks_5029a1-44\" type=\"text\/css\">.kt-layout-id_5029a1-44, .kt-layout-id_5029a1-44 h1, .kt-layout-id_5029a1-44 h2, .kt-layout-id_5029a1-44 h3, .kt-layout-id_5029a1-44 h4, .kt-layout-id_5029a1-44 h5, .kt-layout-id_5029a1-44 h6 {color:#b5bcc3;}#kt-layout-id_5029a1-44 > .kt-row-column-wrap {padding-bottom:0px;}<\/style>\n<div class=\"wp-block-kadence-rowlayout alignfull\"><div id=\"kt-layout-id_5029a1-44\" class=\"kt-row-layout-inner kt-layout-id_5029a1-44\"><div class=\"kt-row-column-wrap kt-has-1-columns kt-gutter-default kt-v-gutter-default kt-row-valign-top kt-row-layout-equal kt-tab-layout-inherit kt-m-colapse-left-to-right kt-mobile-layout-row\">\n<div class=\"wp-block-kadence-column inner-column-1 kadence-column_a311e1-ae\"><div class=\"kt-inside-inner-col\"><style id=\"kt-blocks_3f359a-5a\" type=\"text\/css\">#kt-adv-heading_3f359a-5a mark, #kt-adv-heading_3f359a-5a .wp-block-kadence-advancedheading mark {color:#b5bcc3;}<\/style>\n<h2 id=\"kt-adv-heading_3f359a-5a\" class=\"kt-adv-heading_3f359a-5a wp-block-kadence-advancedheading has-kb-palette-1-color\"><mark class=\"kt-highlight\">\u00dcber<\/mark> IDfant<\/h2>\n\n\n\n<p class=\"has-text-color has-kb-palette-2-color\">Wir sind ein Startup-Unternehmen mit Tradition. \u00dcber 40 Jahre Forschung und Entwicklung im Bereich Zahntechnik bilden die Grundlage f\u00fcr unsere Produkte.<\/p>\n\n\n\n<p class=\"has-text-color has-kb-palette-2-color\">Methodisch bauen wir auf den Erkenntnissen von Karl Heinz Staub auf, der unsere Methode entwickelt hat und unserenmTeam die technische Basis bereitstellt. Die beiden Gr\u00fcnder von IDfant sind Mirko Haucke und Joachim Lugojan.<\/p>\n\n\n\n<p class=\"has-text-color has-kb-palette-2-color\">Erg\u00e4nzt wird unser Team durch Experten im Bereich Software-Architektur, Zahntechnik und Medizin.<br><\/p>\n<\/div><\/div>\n<\/div><\/div><\/div>\n<\/div><\/section>\n\n\n\n<section class=\"wp-block-uagb-section uagb-section__wrap uagb-section__background-undefined alignfull uagb-block-9f747041\"><div class=\"uagb-section__overlay\"><\/div><div class=\"uagb-section__inner-wrap\"><style id=\"kt-blocks_e63b99-ff\" type=\"text\/css\">#kt-layout-id_e63b99-ff > .kt-row-column-wrap {padding-bottom:0px;}<\/style>\n<div class=\"wp-block-kadence-rowlayout alignfull\"><div id=\"kt-layout-id_e63b99-ff\" class=\"kt-row-layout-inner kt-layout-id_e63b99-ff\"><div class=\"kt-row-column-wrap kt-has-1-columns kt-gutter-default kt-v-gutter-default kt-row-valign-top kt-row-layout-equal kt-tab-layout-inherit kt-m-colapse-left-to-right kt-mobile-layout-row\">\n<div class=\"wp-block-kadence-column inner-column-1 kadence-column_232177-d1\"><div class=\"kt-inside-inner-col\"><style id=\"kt-blocks_f5e670-e7\" type=\"text\/css\">#kt-adv-heading_f5e670-e7 mark, #kt-adv-heading_f5e670-e7 .wp-block-kadence-advancedheading mark {color:#4892cf;}<\/style>\n<h2 id=\"kt-adv-heading_f5e670-e7\" class=\"kt-adv-heading_f5e670-e7 wp-block-kadence-advancedheading has-kb-palette-5-color\">Die beiden Gr\u00fcnder von <mark class=\"kt-highlight\">IDfant<\/mark><\/h2>\n<\/div><\/div>\n<\/div><\/div><\/div>\n\n\n<style id=\"kt-blocks_cf3593-b6\" type=\"text\/css\">#kt-layout-id_cf3593-b6 > .kt-row-column-wrap {padding-top:0px;}<\/style>\n<div class=\"wp-block-kadence-rowlayout alignfull\"><div id=\"kt-layout-id_cf3593-b6\" class=\"kt-row-layout-inner kt-layout-id_cf3593-b6\"><div class=\"kt-row-column-wrap kt-has-2-columns kt-gutter-default kt-v-gutter-default kt-row-valign-top kt-row-layout-equal kt-tab-layout-inherit kt-m-colapse-left-to-right kt-mobile-layout-row\">\n<div class=\"wp-block-kadence-column inner-column-1 kadence-column_e20c67-ae\"><div class=\"kt-inside-inner-col\">\n<div class=\"wp-block-ugb-team-member ugb-team-member ugb-0ce05c7 ugb-team-member--v3 ugb-team-member--design-basic ugb-team-member--columns-1 ugb-main-block\" id=\"\"><style>.ugb-0ce05c7 .ugb-img{width:404px;height:404px !important;-webkit-mask-image:url('data:image\/svg+xml;base64,PHN2ZyB2aWV3Qm94PSIwIDAgMjAwIDIwMCIgeG1sbnM9Imh0dHA6Ly93d3cudzMub3JnLzIwMDAvc3ZnIiBwcmVzZXJ2ZUFzcGVjdFJhdGlvPSJub25lIj48cGF0aCBkPSJNMTg4LjUgMzEuOWMxMi45IDE1LjkgMTIuNSA0My4zIDEwLjMgNzcuMXMtNi4yIDc0LjItMjYuMiA4Ni41LTU2LjEtMy4zLTg5LjQtMjEuMi02My43LTM4LjEtNzYuNC02OS44Qy01LjkgNzMtLjggMjkuOSAyMS42IDExLjcgNDQtNi40IDgzLjguNSAxMTYuNyA2LjFzNTkgMTAgNzEuOCAyNS44eiI+PC9wYXRoPjwvc3ZnPg==');mask-image:url('data:image\/svg+xml;base64,PHN2ZyB2aWV3Qm94PSIwIDAgMjAwIDIwMCIgeG1sbnM9Imh0dHA6Ly93d3cudzMub3JnLzIwMDAvc3ZnIiBwcmVzZXJ2ZUFzcGVjdFJhdGlvPSJub25lIj48cGF0aCBkPSJNMTg4LjUgMzEuOWMxMi45IDE1LjkgMTIuNSA0My4zIDEwLjMgNzcuMXMtNi4yIDc0LjItMjYuMiA4Ni41LTU2LjEtMy4zLTg5LjQtMjEuMi02My43LTM4LjEtNzYuNC02OS44Qy01LjkgNzMtLjggMjkuOSAyMS42IDExLjcgNDQtNi40IDgzLjguNSAxMTYuNyA2LjFzNTkgMTAgNzEuOCAyNS44eiI+PC9wYXRoPjwvc3ZnPg==')}.ugb-0ce05c7 .ugb-team-member__image{width:404px !important}.ugb-0ce05c7 .ugb-team-member__name{color:#4892cf !important}.ugb-0ce05c7 .ugb-team-member__position{color:#2c496b !important;font-size:22px}.ugb-0ce05c7 .ugb-button.ugb-button--has-icon.ugb-button--has-icon svg{width:px;height:px}<\/style><div class=\"ugb-inner-block\"><div class=\"ugb-block-content\"><div class=\"ugb-team-member__item ugb-team-member__item1\"><div class=\"ugb-team-member__image\"><img class=\"ugb-img wp-image-793 ugb-img--shape ugb-image--shape-stretch\" src=\"http:\/\/idfant.com\/wp-content\/uploads\/2020\/07\/Mirko_Haucke-e1595258405461.jpg\" alt=\"Mirko Haucke\" width=\"404\" srcset=\"https:\/\/www.idfant.com\/wp-content\/uploads\/2020\/07\/Mirko_Haucke-e1595258405461.jpg 1536w, https:\/\/www.idfant.com\/wp-content\/uploads\/2020\/07\/Mirko_Haucke-e1595258405461-300x300.jpg 300w, https:\/\/www.idfant.com\/wp-content\/uploads\/2020\/07\/Mirko_Haucke-e1595258405461-1021x1024.jpg 1021w, https:\/\/www.idfant.com\/wp-content\/uploads\/2020\/07\/Mirko_Haucke-e1595258405461-150x150.jpg 150w, https:\/\/www.idfant.com\/wp-content\/uploads\/2020\/07\/Mirko_Haucke-e1595258405461-768x771.jpg 768w, https:\/\/www.idfant.com\/wp-content\/uploads\/2020\/07\/Mirko_Haucke-e1595258405461-1531x1536.jpg 1531w, https:\/\/www.idfant.com\/wp-content\/uploads\/2020\/07\/Mirko_Haucke-e1595258405461-1320x1324.jpg 1320w\" sizes=\"(max-width: 1536px) 100vw, 1536px\" \/><\/div><div class=\"ugb-team-member__content\"><div class=\"ugb-team-member__title\"><h3 class=\"ugb-team-member__name\">Mirko Haucke<\/h3><p class=\"ugb-team-member__position\">CEO<\/p><\/div><p class=\"ugb-team-member__description\">Entrepreneur and founder of several companies.<br>Over 15 years leadership in technical environments.<br>University Lecturer for project management <br>&amp; quality management.<\/p><div class=\"ugb-team-member__buttons\"><div class=\"ugb-button-container\"><a class=\"ugb-social-button ugb-button-facebook ugb-button ugb-button--size-normal ugb-button--icon-only ugb-button--has-icon\" href=\"#\" rel=\"noopener noreferrer nofollow\"><div class=\"ugb-icon-inner-svg\"><svg data-prefix=\"fab\" data-icon=\"facebook-f\" class=\"svg-inline--fa fa-facebook-f fa-w-10\" role=\"img\" xmlns=\"http:\/\/www.w3.org\/2000\/svg\" viewbox=\"0 0 320 512\"><path fill=\"currentColor\" d=\"M279.14 288l14.22-92.66h-88.91v-60.13c0-25.35 12.42-50.06 52.24-50.06h40.42V6.26S260.43 0 225.36 0c-73.22 0-121.08 44.38-121.08 124.72v70.62H22.89V288h81.39v224h100.17V288z\"><\/path><\/svg><\/div><\/a><\/div><div class=\"ugb-button-container\"><a class=\"ugb-social-button ugb-button-twitter ugb-button ugb-button--size-normal ugb-button--icon-only ugb-button--has-icon\" href=\"#\" rel=\"noopener noreferrer nofollow\"><div class=\"ugb-icon-inner-svg\"><svg data-prefix=\"fab\" data-icon=\"twitter\" class=\"svg-inline--fa fa-twitter fa-w-16\" role=\"img\" xmlns=\"http:\/\/www.w3.org\/2000\/svg\" viewbox=\"0 0 512 512\"><path fill=\"currentColor\" d=\"M459.37 151.716c.325 4.548.325 9.097.325 13.645 0 138.72-105.583 298.558-298.558 298.558-59.452 0-114.68-17.219-161.137-47.106 8.447.974 16.568 1.299 25.34 1.299 49.055 0 94.213-16.568 130.274-44.832-46.132-.975-84.792-31.188-98.112-72.772 6.498.974 12.995 1.624 19.818 1.624 9.421 0 18.843-1.3 27.614-3.573-48.081-9.747-84.143-51.98-84.143-102.985v-1.299c13.969 7.797 30.214 12.67 47.431 13.319-28.264-18.843-46.781-51.005-46.781-87.391 0-19.492 5.197-37.36 14.294-52.954 51.655 63.675 129.3 105.258 216.365 109.807-1.624-7.797-2.599-15.918-2.599-24.04 0-57.828 46.782-104.934 104.934-104.934 30.213 0 57.502 12.67 76.67 33.137 23.715-4.548 46.456-13.32 66.599-25.34-7.798 24.366-24.366 44.833-46.132 57.827 21.117-2.273 41.584-8.122 60.426-16.243-14.292 20.791-32.161 39.308-52.628 54.253z\"><\/path><\/svg><\/div><\/a><\/div><div class=\"ugb-button-container\"><a class=\"ugb-social-button ugb-button-instagram ugb-button ugb-button--size-normal ugb-button--icon-only ugb-button--has-icon\" href=\"#\" rel=\"noopener noreferrer nofollow\"><div class=\"ugb-icon-inner-svg\"><svg data-prefix=\"fab\" data-icon=\"instagram\" class=\"svg-inline--fa fa-instagram fa-w-14\" role=\"img\" xmlns=\"http:\/\/www.w3.org\/2000\/svg\" viewbox=\"0 0 448 512\"><path fill=\"currentColor\" d=\"M224.1 141c-63.6 0-114.9 51.3-114.9 114.9s51.3 114.9 114.9 114.9S339 319.5 339 255.9 287.7 141 224.1 141zm0 189.6c-41.1 0-74.7-33.5-74.7-74.7s33.5-74.7 74.7-74.7 74.7 33.5 74.7 74.7-33.6 74.7-74.7 74.7zm146.4-194.3c0 14.9-12 26.8-26.8 26.8-14.9 0-26.8-12-26.8-26.8s12-26.8 26.8-26.8 26.8 12 26.8 26.8zm76.1 27.2c-1.7-35.9-9.9-67.7-36.2-93.9-26.2-26.2-58-34.4-93.9-36.2-37-2.1-147.9-2.1-184.9 0-35.8 1.7-67.6 9.9-93.9 36.1s-34.4 58-36.2 93.9c-2.1 37-2.1 147.9 0 184.9 1.7 35.9 9.9 67.7 36.2 93.9s58 34.4 93.9 36.2c37 2.1 147.9 2.1 184.9 0 35.9-1.7 67.7-9.9 93.9-36.2 26.2-26.2 34.4-58 36.2-93.9 2.1-37 2.1-147.8 0-184.8zM398.8 388c-7.8 19.6-22.9 34.7-42.6 42.6-29.5 11.7-99.5 9-132.1 9s-102.7 2.6-132.1-9c-19.6-7.8-34.7-22.9-42.6-42.6-11.7-29.5-9-99.5-9-132.1s-2.6-102.7 9-132.1c7.8-19.6 22.9-34.7 42.6-42.6 29.5-11.7 99.5-9 132.1-9s102.7-2.6 132.1 9c19.6 7.8 34.7 22.9 42.6 42.6 11.7 29.5 9 99.5 9 132.1s2.7 102.7-9 132.1z\"><\/path><\/svg><\/div><\/a><\/div><div class=\"ugb-button-container\"><a class=\"ugb-social-button ugb-button-email ugb-button ugb-button--size-normal ugb-button--icon-only ugb-button--has-icon\" href=\"mailto:my@email.com\" rel=\"noopener noreferrer nofollow\"><div class=\"ugb-icon-inner-svg\"><svg data-prefix=\"far\" data-icon=\"envelope\" class=\"svg-inline--fa fa-envelope fa-w-16\" role=\"img\" xmlns=\"http:\/\/www.w3.org\/2000\/svg\" viewbox=\"0 0 512 512\"><path fill=\"currentColor\" d=\"M464 64H48C21.49 64 0 85.49 0 112v288c0 26.51 21.49 48 48 48h416c26.51 0 48-21.49 48-48V112c0-26.51-21.49-48-48-48zm0 48v40.805c-22.422 18.259-58.168 46.651-134.587 106.49-16.841 13.247-50.201 45.072-73.413 44.701-23.208.375-56.579-31.459-73.413-44.701C106.18 199.465 70.425 171.067 48 152.805V112h416zM48 400V214.398c22.914 18.251 55.409 43.862 104.938 82.646 21.857 17.205 60.134 55.186 103.062 54.955 42.717.231 80.509-37.199 103.053-54.947 49.528-38.783 82.032-64.401 104.947-82.653V400H48z\"><\/path><\/svg><\/div><\/a><\/div><\/div><\/div><\/div><\/div><\/div><\/div>\n<\/div><\/div>\n\n\n\n<div class=\"wp-block-kadence-column inner-column-2 kadence-column_1479bc-1e\"><div class=\"kt-inside-inner-col\">\n<div class=\"wp-block-ugb-team-member ugb-team-member ugb-bffb577 ugb-team-member--v3 ugb-team-member--design-basic ugb-team-member--columns-1 ugb-main-block\" id=\"\"><style>.ugb-bffb577 .ugb-img{width:404px;height:404px !important;-webkit-mask-image:url('data:image\/svg+xml;base64,PHN2ZyB2aWV3Qm94PSIwIDAgMjAwIDIwMCIgeG1sbnM9Imh0dHA6Ly93d3cudzMub3JnLzIwMDAvc3ZnIiBwcmVzZXJ2ZUFzcGVjdFJhdGlvPSJub25lIiB0cmFuc2Zvcm09InNjYWxlKDEsLTEpIj48cGF0aCBkPSJNMTg4LjUgMzEuOWMxMi45IDE1LjkgMTIuNSA0My4zIDEwLjMgNzcuMXMtNi4yIDc0LjItMjYuMiA4Ni41LTU2LjEtMy4zLTg5LjQtMjEuMi02My43LTM4LjEtNzYuNC02OS44Qy01LjkgNzMtLjggMjkuOSAyMS42IDExLjcgNDQtNi40IDgzLjguNSAxMTYuNyA2LjFzNTkgMTAgNzEuOCAyNS44eiI+PC9wYXRoPjwvc3ZnPg==');mask-image:url('data:image\/svg+xml;base64,PHN2ZyB2aWV3Qm94PSIwIDAgMjAwIDIwMCIgeG1sbnM9Imh0dHA6Ly93d3cudzMub3JnLzIwMDAvc3ZnIiBwcmVzZXJ2ZUFzcGVjdFJhdGlvPSJub25lIiB0cmFuc2Zvcm09InNjYWxlKDEsLTEpIj48cGF0aCBkPSJNMTg4LjUgMzEuOWMxMi45IDE1LjkgMTIuNSA0My4zIDEwLjMgNzcuMXMtNi4yIDc0LjItMjYuMiA4Ni41LTU2LjEtMy4zLTg5LjQtMjEuMi02My43LTM4LjEtNzYuNC02OS44Qy01LjkgNzMtLjggMjkuOSAyMS42IDExLjcgNDQtNi40IDgzLjguNSAxMTYuNyA2LjFzNTkgMTAgNzEuOCAyNS44eiI+PC9wYXRoPjwvc3ZnPg==')}.ugb-bffb577 .ugb-team-member__image{width:404px !important}.ugb-bffb577 .ugb-team-member__name{color:#4892cf !important}.ugb-bffb577 .ugb-team-member__position{color:#2c496b !important;font-size:22px}.ugb-bffb577 .ugb-button.ugb-button--has-icon.ugb-button--has-icon svg{width:px;height:px}<\/style><div class=\"ugb-inner-block\"><div class=\"ugb-block-content\"><div class=\"ugb-team-member__item ugb-team-member__item1\"><div class=\"ugb-team-member__image\"><img class=\"ugb-img wp-image-792 ugb-img--shape ugb-image--shape-stretch\" src=\"http:\/\/idfant.com\/wp-content\/uploads\/2020\/07\/Joachim_Lugojan.jpg\" alt=\"Joachim Lugojan\" width=\"404\" srcset=\"https:\/\/www.idfant.com\/wp-content\/uploads\/2020\/07\/Joachim_Lugojan.jpg 830w, https:\/\/www.idfant.com\/wp-content\/uploads\/2020\/07\/Joachim_Lugojan-300x202.jpg 300w, https:\/\/www.idfant.com\/wp-content\/uploads\/2020\/07\/Joachim_Lugojan-768x517.jpg 768w\" sizes=\"(max-width: 830px) 100vw, 830px\" \/><\/div><div class=\"ugb-team-member__content\"><div class=\"ugb-team-member__title\"><h3 class=\"ugb-team-member__name\">Joachim Lugojan<\/h3><p class=\"ugb-team-member__position\">Medizinische Leitung<\/p><\/div><p class=\"ugb-team-member__description\">Eigene Zahnarztpraxis seit \u00fcber 3 Jahren<br>Spricht 4 Sprachen flie\u00dfend: <br>Deutsch, Rum\u00e4nisch, Ungarisch, Englisch<br>Medizinischer Hintergrund: Zahnarzt und Spezialist f\u00fcr Zahnersatz\/Prothesen<\/p><div class=\"ugb-team-member__buttons\"><div class=\"ugb-button-container\"><a class=\"ugb-social-button ugb-button-facebook ugb-button ugb-button--size-normal ugb-button--icon-only ugb-button--has-icon\" href=\"#\" rel=\"noopener noreferrer nofollow\"><div class=\"ugb-icon-inner-svg\"><svg data-prefix=\"fab\" data-icon=\"facebook-f\" class=\"svg-inline--fa fa-facebook-f fa-w-10\" role=\"img\" xmlns=\"http:\/\/www.w3.org\/2000\/svg\" viewbox=\"0 0 320 512\"><path fill=\"currentColor\" d=\"M279.14 288l14.22-92.66h-88.91v-60.13c0-25.35 12.42-50.06 52.24-50.06h40.42V6.26S260.43 0 225.36 0c-73.22 0-121.08 44.38-121.08 124.72v70.62H22.89V288h81.39v224h100.17V288z\"><\/path><\/svg><\/div><\/a><\/div><div class=\"ugb-button-container\"><a class=\"ugb-social-button ugb-button-twitter ugb-button ugb-button--size-normal ugb-button--icon-only ugb-button--has-icon\" href=\"#\" rel=\"noopener noreferrer nofollow\"><div class=\"ugb-icon-inner-svg\"><svg data-prefix=\"fab\" data-icon=\"twitter\" class=\"svg-inline--fa fa-twitter fa-w-16\" role=\"img\" xmlns=\"http:\/\/www.w3.org\/2000\/svg\" viewbox=\"0 0 512 512\"><path fill=\"currentColor\" d=\"M459.37 151.716c.325 4.548.325 9.097.325 13.645 0 138.72-105.583 298.558-298.558 298.558-59.452 0-114.68-17.219-161.137-47.106 8.447.974 16.568 1.299 25.34 1.299 49.055 0 94.213-16.568 130.274-44.832-46.132-.975-84.792-31.188-98.112-72.772 6.498.974 12.995 1.624 19.818 1.624 9.421 0 18.843-1.3 27.614-3.573-48.081-9.747-84.143-51.98-84.143-102.985v-1.299c13.969 7.797 30.214 12.67 47.431 13.319-28.264-18.843-46.781-51.005-46.781-87.391 0-19.492 5.197-37.36 14.294-52.954 51.655 63.675 129.3 105.258 216.365 109.807-1.624-7.797-2.599-15.918-2.599-24.04 0-57.828 46.782-104.934 104.934-104.934 30.213 0 57.502 12.67 76.67 33.137 23.715-4.548 46.456-13.32 66.599-25.34-7.798 24.366-24.366 44.833-46.132 57.827 21.117-2.273 41.584-8.122 60.426-16.243-14.292 20.791-32.161 39.308-52.628 54.253z\"><\/path><\/svg><\/div><\/a><\/div><div class=\"ugb-button-container\"><a class=\"ugb-social-button ugb-button-instagram ugb-button ugb-button--size-normal ugb-button--icon-only ugb-button--has-icon\" href=\"#\" rel=\"noopener noreferrer nofollow\"><div class=\"ugb-icon-inner-svg\"><svg data-prefix=\"fab\" data-icon=\"instagram\" class=\"svg-inline--fa fa-instagram fa-w-14\" role=\"img\" xmlns=\"http:\/\/www.w3.org\/2000\/svg\" viewbox=\"0 0 448 512\"><path fill=\"currentColor\" d=\"M224.1 141c-63.6 0-114.9 51.3-114.9 114.9s51.3 114.9 114.9 114.9S339 319.5 339 255.9 287.7 141 224.1 141zm0 189.6c-41.1 0-74.7-33.5-74.7-74.7s33.5-74.7 74.7-74.7 74.7 33.5 74.7 74.7-33.6 74.7-74.7 74.7zm146.4-194.3c0 14.9-12 26.8-26.8 26.8-14.9 0-26.8-12-26.8-26.8s12-26.8 26.8-26.8 26.8 12 26.8 26.8zm76.1 27.2c-1.7-35.9-9.9-67.7-36.2-93.9-26.2-26.2-58-34.4-93.9-36.2-37-2.1-147.9-2.1-184.9 0-35.8 1.7-67.6 9.9-93.9 36.1s-34.4 58-36.2 93.9c-2.1 37-2.1 147.9 0 184.9 1.7 35.9 9.9 67.7 36.2 93.9s58 34.4 93.9 36.2c37 2.1 147.9 2.1 184.9 0 35.9-1.7 67.7-9.9 93.9-36.2 26.2-26.2 34.4-58 36.2-93.9 2.1-37 2.1-147.8 0-184.8zM398.8 388c-7.8 19.6-22.9 34.7-42.6 42.6-29.5 11.7-99.5 9-132.1 9s-102.7 2.6-132.1-9c-19.6-7.8-34.7-22.9-42.6-42.6-11.7-29.5-9-99.5-9-132.1s-2.6-102.7 9-132.1c7.8-19.6 22.9-34.7 42.6-42.6 29.5-11.7 99.5-9 132.1-9s102.7-2.6 132.1 9c19.6 7.8 34.7 22.9 42.6 42.6 11.7 29.5 9 99.5 9 132.1s2.7 102.7-9 132.1z\"><\/path><\/svg><\/div><\/a><\/div><div class=\"ugb-button-container\"><a class=\"ugb-social-button ugb-button-email ugb-button ugb-button--size-normal ugb-button--icon-only ugb-button--has-icon\" href=\"mailto:my@email.com\" rel=\"noopener noreferrer nofollow\"><div class=\"ugb-icon-inner-svg\"><svg data-prefix=\"far\" data-icon=\"envelope\" class=\"svg-inline--fa fa-envelope fa-w-16\" role=\"img\" xmlns=\"http:\/\/www.w3.org\/2000\/svg\" viewbox=\"0 0 512 512\"><path fill=\"currentColor\" d=\"M464 64H48C21.49 64 0 85.49 0 112v288c0 26.51 21.49 48 48 48h416c26.51 0 48-21.49 48-48V112c0-26.51-21.49-48-48-48zm0 48v40.805c-22.422 18.259-58.168 46.651-134.587 106.49-16.841 13.247-50.201 45.072-73.413 44.701-23.208.375-56.579-31.459-73.413-44.701C106.18 199.465 70.425 171.067 48 152.805V112h416zM48 400V214.398c22.914 18.251 55.409 43.862 104.938 82.646 21.857 17.205 60.134 55.186 103.062 54.955 42.717.231 80.509-37.199 103.053-54.947 49.528-38.783 82.032-64.401 104.947-82.653V400H48z\"><\/path><\/svg><\/div><\/a><\/div><\/div><\/div><\/div><\/div><\/div><\/div>\n<\/div><\/div>\n<\/div><\/div><\/div>\n<\/div><\/section>","protected":false},"excerpt":{"rendered":"","protected":false},"author":1,"featured_media":0,"parent":0,"menu_order":0,"comment_status":"closed","ping_status":"closed","template":"","meta":{"kt_blocks_editor_width":""},"featured_image_urls":{"full":"","thumbnail":"","medium":"","medium_large":"","large":"","1536x1536":"","2048x2048":"","trp-custom-language-flag":"","mailpoet_newsletter_max":""},"post_excerpt_stackable":"<p>about us Over 40 years of R&amp;D in the field of dental technology form the basis for our products About IDfant We are a start-up company with tradition. Over 40 years of research and development in the field of dental technology form the basis for our products. Our team is complemented by experts in the fields of software architecture, dental technology and medicine. Methodically we build on the knowledge of Karl Heinz Staub, who developed our method and provides the technical basis for our team. The two founders of IDfant are Mirko Haucke and Joachim Lugojan. Our team is complemented&hellip;<\/p>\n","category_list":"","author_info":{"name":"IdfantAdmin","url":"https:\/\/www.idfant.com\/de\/author\/idfantadmin\/"},"comments_num":"0 comments","uagb_featured_image_src":{"full":false,"thumbnail":false,"medium":false,"medium_large":false,"large":false,"1536x1536":false,"2048x2048":false,"trp-custom-language-flag":false,"mailpoet_newsletter_max":false},"uagb_author_info":{"display_name":"IdfantAdmin","author_link":"https:\/\/www.idfant.com\/de\/author\/idfantadmin\/"},"uagb_comment_info":0,"uagb_excerpt":null,"_links":{"self":[{"href":"https:\/\/www.idfant.com\/de\/wp-json\/wp\/v2\/pages\/16"}],"collection":[{"href":"https:\/\/www.idfant.com\/de\/wp-json\/wp\/v2\/pages"}],"about":[{"href":"https:\/\/www.idfant.com\/de\/wp-json\/wp\/v2\/types\/page"}],"author":[{"embeddable":true,"href":"https:\/\/www.idfant.com\/de\/wp-json\/wp\/v2\/users\/1"}],"replies":[{"embeddable":true,"href":"https:\/\/www.idfant.com\/de\/wp-json\/wp\/v2\/comments?post=16"}],"version-history":[{"count":44,"href":"https:\/\/www.idfant.com\/de\/wp-json\/wp\/v2\/pages\/16\/revisions"}],"predecessor-version":[{"id":802,"href":"https:\/\/www.idfant.com\/de\/wp-json\/wp\/v2\/pages\/16\/revisions\/802"}],"wp:attachment":[{"href":"https:\/\/www.idfant.com\/de\/wp-json\/wp\/v2\/media?parent=16"}],"curies":[{"name":"wp","href":"https:\/\/api.w.org\/{rel}","templated":true}]}}